{"id":930,"date":"2012-09-25T21:06:16","date_gmt":"2012-09-25T19:06:16","guid":{"rendered":"http:\/\/www.ev-fmz-menschenkinder.de\/?page_id=930"},"modified":"2022-03-04T11:03:34","modified_gmt":"2022-03-04T10:03:34","slug":"familienbildungsstatte-st-augustin","status":"publish","type":"page","link":"https:\/\/www.ev-fmz-menschenkinder.de\/?page_id=930","title":{"rendered":"Familienbildungsst\u00e4tte St. Augustin"},"content":{"rendered":"<p>Eltern werden ist nicht schwer &#8211; Eltern sein dagegen sehr.<\/p>\n<p>Getreu diesem Motto finden Familien in der Familienbildungsst\u00e4tte St. Augustin informative Unterst\u00fctzung und abwechslungsreiche Angebote rund um das Thema Familienalltag.<\/p>\n<p>Das ehemalige Volksschul-Geb\u00e4ude in M\u00fclldorf steht inzwischen unter Denkmalschutz. Es bietet ein angenehmes Umfeld f\u00fcr p\u00e4dagogische Kurse aller Art.<\/p>\n<p>Wir bieten an:<\/p>\n<p>\u2022 Erlebnisp\u00e4dagogische Angebote<\/p>\n<p>\u2022 Babykurse<\/p>\n<p>\u2022 Eltern\/Kind Spiel und Turngruppen<\/p>\n<p>\u2022 Kreativangebote f\u00fcr Eltern und Kinder<\/p>\n<p>\u2022 Bildungsangebote zum Thema Erziehung, Familie und Partnerschaft<\/p>\n<p>\u2022 Kurse f\u00fcr Erwachsene und Senioren aus den Bereichen Gesundheit und Entspannung<\/p>\n<p>Die Kurse werden sowohl in der Familienbildungsst\u00e4tte selbst, als auch in verschiedenen Stadtteilen von St. Augustin, Hennef, Siegburg, Lohmar, Niederkassel, Bornheim und Eitorf von ausgebildeten Fachkr\u00e4ften durchgef\u00fchrt.<\/p>\n<p>Sie haben Interesse an einer Veranstaltung?<\/p>\n<p>Oder m\u00f6chten sich \u00fcber das Kursprogramm informieren?<\/p>\n<p><strong>Bei Fragen oder Anmeldungen steht ihnen das FABI-Team gerne zur Verf\u00fcgung.<\/strong><\/p>\n<p>Die B\u00fcrozeiten sind von<\/p>\n<p><strong>Montag-Donnerstag 8.30-16.30 Uhr und <\/strong><\/p>\n<p><strong>Freitag von 8.30-15 Uhr.<\/strong><\/p>\n<p>Lebenshilfe Bildung Nordrhein-Westfalen gemeinn\u00fctzige GmbH<\/p>\n<p>Familienbildungsst\u00e4tte St. Augustin<\/p>\n<p>Bonner Str. 68a<\/p>\n<p>53757 Sankt Augustin<\/p>\n<p><strong>Tel.: 0 22 41 \/ 34 18 38<\/strong><\/p>\n<p>Fax: 0 22 41 \/ 34 19 63<\/p>\n<p>Mail: <strong>fbs-sanktaugustin@lebenshilfe-nrw.de<\/strong><\/p>\n<p><a href=\"http:\/\/www.lebenshilfe-nrw.de\/de\/dienstleistungen_einrichtungen\/bildungs_erholungsstaetten\/familienbildungsstaette_st_augustin.php\">http:\/\/www.lebenshilfe-nrw.de\/de\/dienstleistungen_einrichtungen\/bildungs_erholungsstaetten\/familienbildungsstaette_st_augustin.php<\/a><\/p>\n","protected":false},"excerpt":{"rendered":"<p>Eltern werden ist nicht schwer &#8211; Eltern sein dagegen sehr. Getreu diesem Motto finden Familien in der Familienbildungsst\u00e4tte St. Augustin informative Unterst\u00fctzung und abwechslungsreiche Angebote rund um das Thema Familienalltag. Das ehemalige Volksschul-Geb\u00e4ude in M\u00fclldorf steht inzwischen unter Denkmalschutz. Es bietet ein angenehmes Umfeld f\u00fcr p\u00e4dagogische Kurse aller Art. Wir bieten an: \u2022 Erlebnisp\u00e4dagogische Angebote [&hellip;]<\/p>\n","protected":false},"author":2,"featured_media":0,"parent":57,"menu_order":0,"comment_status":"open","ping_status":"open","template":"","meta":{"footnotes":""},"class_list":["post-930","page","type-page","status-publish","hentry"],"_links":{"self":[{"href":"https:\/\/www.ev-fmz-menschenkinder.de\/index.php?rest_route=\/wp\/v2\/pages\/930","targetHints":{"allow":["GET"]}}],"collection":[{"href":"https:\/\/www.ev-fmz-menschenkinder.de\/index.php?rest_route=\/wp\/v2\/pages"}],"about":[{"href":"https:\/\/www.ev-fmz-menschenkinder.de\/index.php?rest_route=\/wp\/v2\/types\/page"}],"author":[{"embeddable":true,"href":"https:\/\/www.ev-fmz-menschenkinder.de\/index.php?rest_route=\/wp\/v2\/users\/2"}],"replies":[{"embeddable":true,"href":"https:\/\/www.ev-fmz-menschenkinder.de\/index.php?rest_route=%2Fwp%2Fv2%2Fcomments&post=930"}],"version-history":[{"count":6,"href":"https:\/\/www.ev-fmz-menschenkinder.de\/index.php?rest_route=\/wp\/v2\/pages\/930\/revisions"}],"predecessor-version":[{"id":3677,"href":"https:\/\/www.ev-fmz-menschenkinder.de\/index.php?rest_route=\/wp\/v2\/pages\/930\/revisions\/3677"}],"up":[{"embeddable":true,"href":"https:\/\/www.ev-fmz-menschenkinder.de\/index.php?rest_route=\/wp\/v2\/pages\/57"}],"wp:attachment":[{"href":"https:\/\/www.ev-fmz-menschenkinder.de\/index.php?rest_route=%2Fwp%2Fv2%2Fmedia&parent=930"}],"curies":[{"name":"wp","href":"https:\/\/api.w.org\/{rel}","templated":true}]}}