{"id":79,"date":"2012-01-04T15:41:58","date_gmt":"2012-01-04T14:41:58","guid":{"rendered":"http:\/\/web143.016.netroom.de\/kita\/?page_id=79"},"modified":"2025-05-06T15:19:03","modified_gmt":"2025-05-06T13:19:03","slug":"der-karren-e-v","status":"publish","type":"page","link":"https:\/\/www.ev-fmz-menschenkinder.de\/?page_id=79","title":{"rendered":"Der Karren e.V."},"content":{"rendered":"<p><strong>Der Karren e.V.<br \/>\n<\/strong>Familienunterst\u00fctzender Dienst gGmbH<br \/>\nSelbstbestimmt leben<br \/>\nSchulstra\u00dfe 16<br \/>\n53757 Sankt Augustin<\/p>\n<p>Wir setzen uns gemeinsam daf\u00fcr ein, dass Familien wohnortnah und orientiert am speziellen Bedarf im Sozialraum unterst\u00fctzende Bildungs-, Beratungs- und Betreuungsangebote im Familienzentrum oder den Einrichtungen der Kooperationspartner erhalten.<\/p>\n<p>&#8222;Der Karren e.V.&#8220; ist ein diakonischer Verein, der sich f\u00fcr die Belange von Menschen mit Behinderungen einsetzt. In verschiedenen Projekten bieten wir individuelle Wohnm\u00f6glichkeiten, helfen bei der Bew\u00e4ltigung des Alltags, begleiten Kinder und Jugendliche zu Hause oder in der Schule, machen integrative Angebote zur Freizeitgestaltung und bieten ein umfassendes Beratungsangebot.<\/p>\n","protected":false},"excerpt":{"rendered":"<p>Der Karren e.V. Familienunterst\u00fctzender Dienst gGmbH Selbstbestimmt leben Schulstra\u00dfe 16 53757 Sankt Augustin Wir setzen uns gemeinsam daf\u00fcr ein, dass Familien wohnortnah und orientiert am speziellen Bedarf im Sozialraum unterst\u00fctzende Bildungs-, Beratungs- und Betreuungsangebote im Familienzentrum oder den Einrichtungen der Kooperationspartner erhalten. &#8222;Der Karren e.V.&#8220; ist ein diakonischer Verein, der sich f\u00fcr die Belange von [&hellip;]<\/p>\n","protected":false},"author":20,"featured_media":0,"parent":57,"menu_order":0,"comment_status":"closed","ping_status":"closed","template":"","meta":{"footnotes":""},"class_list":["post-79","page","type-page","status-publish","hentry"],"_links":{"self":[{"href":"https:\/\/www.ev-fmz-menschenkinder.de\/index.php?rest_route=\/wp\/v2\/pages\/79","targetHints":{"allow":["GET"]}}],"collection":[{"href":"https:\/\/www.ev-fmz-menschenkinder.de\/index.php?rest_route=\/wp\/v2\/pages"}],"about":[{"href":"https:\/\/www.ev-fmz-menschenkinder.de\/index.php?rest_route=\/wp\/v2\/types\/page"}],"author":[{"embeddable":true,"href":"https:\/\/www.ev-fmz-menschenkinder.de\/index.php?rest_route=\/wp\/v2\/users\/20"}],"replies":[{"embeddable":true,"href":"https:\/\/www.ev-fmz-menschenkinder.de\/index.php?rest_route=%2Fwp%2Fv2%2Fcomments&post=79"}],"version-history":[{"count":7,"href":"https:\/\/www.ev-fmz-menschenkinder.de\/index.php?rest_route=\/wp\/v2\/pages\/79\/revisions"}],"predecessor-version":[{"id":3975,"href":"https:\/\/www.ev-fmz-menschenkinder.de\/index.php?rest_route=\/wp\/v2\/pages\/79\/revisions\/3975"}],"up":[{"embeddable":true,"href":"https:\/\/www.ev-fmz-menschenkinder.de\/index.php?rest_route=\/wp\/v2\/pages\/57"}],"wp:attachment":[{"href":"https:\/\/www.ev-fmz-menschenkinder.de\/index.php?rest_route=%2Fwp%2Fv2%2Fmedia&parent=79"}],"curies":[{"name":"wp","href":"https:\/\/api.w.org\/{rel}","templated":true}]}}