{"id":21,"date":"2012-01-04T14:19:06","date_gmt":"2012-01-04T13:19:06","guid":{"rendered":"http:\/\/web143.016.netroom.de\/kita\/?page_id=21"},"modified":"2025-06-05T07:44:34","modified_gmt":"2025-06-05T05:44:34","slug":"unsere-kita","status":"publish","type":"page","link":"https:\/\/www.ev-fmz-menschenkinder.de\/?page_id=21","title":{"rendered":"Unsere KiTa"},"content":{"rendered":"<p>Unsere KiTa ist seit dem 1. August 2009 ein zertifiziertes Familienzentrum des Landes NRW!<\/p>\n<p>Im Jahr 2025 wurden wir bereits zum vierten Mal rezertifiziert.<\/p>\n<p>Vielleicht haben Sie sich schon einmal gefragt: Was genau ist ein Familienzentrum? Und was bedeutet das f\u00fcr unsere KiTa? Gerne m\u00f6chten wir Ihnen einen Einblick in unsere Arbeit als Familienzentrum geben.<\/p>\n<p>Das Wichtigste vorab: Unsere Arbeit mit den Kindern ver\u00e4ndert sich nicht und bleibt das Wichtigste! Alle p\u00e4dagogischen Angebote und Aktivit\u00e4ten, die Sie kennen und sch\u00e4tzen, werden auch weiterhin bestehen. Die Kinder k\u00f6nnen bei uns wie gewohnt spielen, lernen, sich entwickeln, lachen und einfach wohlf\u00fchlen.<\/p>\n<p>Dass unsere KiTa ein Familienzentrum ist, bringt aber zus\u00e4tzliche Vorteile: f\u00fcr die Kinder, f\u00fcr Sie als Eltern und f\u00fcr die gesamte Gemeinde. Durch neue Netzwerke und Kooperationen k\u00f6nnen wir noch mehr M\u00f6glichkeiten schaffen.<\/p>\n<h3>Was macht ein Familienzentrum aus?<\/h3>\n<p>Ein Familienzentrum bedeutet:<\/p>\n<ul>\n<li><strong>Vernetzung<\/strong>: Zusammenarbeit mit anderen Tr\u00e4gern wie Kirchengemeinden, Familienberatungen, Therapeuten oder Fr\u00fchf\u00f6rderstellen.<\/li>\n<li><strong>Erweiterte Angebote<\/strong>: Mehr Leistungen und einfache Zug\u00e4nge f\u00fcr Familien.<\/li>\n<li><strong>F\u00f6rderung<\/strong>: Noch bessere Unterst\u00fctzung f\u00fcr Kinder und Familien.<\/li>\n<li><strong>Zertifizierung<\/strong>: Anerkennung und F\u00f6rderung durch das Land NRW.<\/li>\n<\/ul>\n<h3>Was bieten wir aktuell an?<\/h3>\n<ul>\n<li>Eltern-Kind-Gruppen und Vorschulgruppen<\/li>\n<li>Kindergottesdienste und Freizeitangebote f\u00fcr Kinder, Jugendliche und Familien<\/li>\n<li>Beratung und Unterst\u00fctzung durch den Diakonieausschuss<\/li>\n<li>M\u00fctter-T\u00f6chter- und V\u00e4ter-S\u00f6hne-Tage<\/li>\n<li>Seminare und Beratungen in Zusammenarbeit mit der Familienberatungsstelle<\/li>\n<li>Kooperationen mit Fr\u00fchf\u00f6rderzentren<\/li>\n<li>Vermittlung von Tagesm\u00fcttern und Babysittern sowie Babysitterkurse<\/li>\n<li>Zusammenarbeit mit benachbarten Grundschulen<\/li>\n<li>Offene Sprechstunden von Beratungsstellen, auch mit Dolmetscher (z. B. Familienberatung, Fr\u00fchf\u00f6rderung)<\/li>\n<\/ul>\n<h3>Was kommt noch dazu?<\/h3>\n<ul>\n<li>Verbesserter Austausch \u00fcber Bed\u00fcrfnisse von Familien mit dem Diakonieausschuss<\/li>\n<li>Spezielle Angebote f\u00fcr Eltern mit Kindern unter drei Jahren (z. B. zu Themen wie Ern\u00e4hrung, Erziehung, Mediennutzung und Schulf\u00e4higkeit)<\/li>\n<li>Vernetzung mit der Seniorenarbeit<\/li>\n<\/ul>\n<p>Wir hoffen, dass wir Ihre Fragen beantworten konnten. Wenn Sie noch mehr wissen m\u00f6chten oder Anregungen haben, sprechen Sie uns gerne an!<\/p>\n<p><strong>Kontakt:<\/strong><br \/>\nTel. 02241\/333939<br \/>\nE-Mail: <a rel=\"noopener\">ev.fmz-menschenkinder@ekir.de<\/a><\/p>\n","protected":false},"excerpt":{"rendered":"<p>Unsere KiTa ist seit dem 1. August 2009 ein zertifiziertes Familienzentrum des Landes NRW! Im Jahr 2025 wurden wir bereits zum vierten Mal rezertifiziert. Vielleicht haben Sie sich schon einmal gefragt: Was genau ist ein Familienzentrum? Und was bedeutet das f\u00fcr unsere KiTa? Gerne m\u00f6chten wir Ihnen einen Einblick in unsere Arbeit als Familienzentrum geben. [&hellip;]<\/p>\n","protected":false},"author":20,"featured_media":0,"parent":0,"menu_order":2,"comment_status":"closed","ping_status":"closed","template":"","meta":{"footnotes":""},"class_list":["post-21","page","type-page","status-publish","hentry"],"_links":{"self":[{"href":"https:\/\/www.ev-fmz-menschenkinder.de\/index.php?rest_route=\/wp\/v2\/pages\/21","targetHints":{"allow":["GET"]}}],"collection":[{"href":"https:\/\/www.ev-fmz-menschenkinder.de\/index.php?rest_route=\/wp\/v2\/pages"}],"about":[{"href":"https:\/\/www.ev-fmz-menschenkinder.de\/index.php?rest_route=\/wp\/v2\/types\/page"}],"author":[{"embeddable":true,"href":"https:\/\/www.ev-fmz-menschenkinder.de\/index.php?rest_route=\/wp\/v2\/users\/20"}],"replies":[{"embeddable":true,"href":"https:\/\/www.ev-fmz-menschenkinder.de\/index.php?rest_route=%2Fwp%2Fv2%2Fcomments&post=21"}],"version-history":[{"count":12,"href":"https:\/\/www.ev-fmz-menschenkinder.de\/index.php?rest_route=\/wp\/v2\/pages\/21\/revisions"}],"predecessor-version":[{"id":3978,"href":"https:\/\/www.ev-fmz-menschenkinder.de\/index.php?rest_route=\/wp\/v2\/pages\/21\/revisions\/3978"}],"wp:attachment":[{"href":"https:\/\/www.ev-fmz-menschenkinder.de\/index.php?rest_route=%2Fwp%2Fv2%2Fmedia&parent=21"}],"curies":[{"name":"wp","href":"https:\/\/api.w.org\/{rel}","templated":true}]}}