{"id":18,"date":"2012-01-02T16:16:37","date_gmt":"2012-01-02T15:16:37","guid":{"rendered":"http:\/\/web143.016.netroom.de\/kita\/?page_id=18"},"modified":"2021-01-12T11:43:18","modified_gmt":"2021-01-12T10:43:18","slug":"impressum","status":"publish","type":"page","link":"https:\/\/www.ev-fmz-menschenkinder.de\/?page_id=18","title":{"rendered":"Impressum"},"content":{"rendered":"<p align=\"left\"><strong>Evangelisches Familienzentrum Menschenkinder<br \/>\n<\/strong>Schulstrasse 57a<br \/>\n53757 Sankt Augustin<br \/>\nTel.: 02241\/333939<br \/>\n<strong><a href=\"mailto:ev.fmz-menschenkinder@ekir.de\">ev.fmz-menschenkinder@ekir.de<\/a><br \/>\n<\/strong><\/p>\n<p align=\"left\">Eine Einrichtung des <a href=\"https:\/\/www.ekasur.de\/kita\/\">Evangelischen Kirchenkreis an Sieg und Rhein<\/a><br \/>\nKitareferat<br \/>\nFachbereichsleitung S. Kola (<a href=\"kita-referat.ansiegundrhein@ekir.de\">E-Mail<\/a>)<br \/>\nZeughausstra\u00dfe 7-9,<br \/>\n53721 Siegburg<\/p>\n<p align=\"left\">Gemeindeb\u00fcro der ev. Kirchengemeinde Sankt Augustin Niederpleis und M\u00fclldorf:<br \/>\nTelefon: (02241) 33 44 30<br \/>\nFax: (02241) 34 26 04<br \/>\n<a href=\"mailto:st.augustin-niederpleis@ekir.de\">E-Mail<\/a><\/p>\n<p align=\"left\"><strong>Verantwortliche<\/strong><br \/>\nF\u00fcr den Inhalt: Sabine Schwabe (<a href=\"mailto:sabine.schwabe@ekir.de\">E-Mail<\/a>)<br \/>\nWebmaster: Bernd Giernoth (<a href=\"mailto:bernd.giernoth@ekir.de\">E-Mail<\/a>)<\/p>\n<p align=\"left\"><strong>Copyright, Disclaimer<\/strong><\/p>\n<ul>\n<li>\n<div align=\"left\">Die auf dieser Website bereit gestellten Informationen und Gestaltungselemente sind an das Urheberrecht gebunden. Es ist untersagt, ohne die schriftliche Genehmigung der Evangelischen Kirchengemeinde Sankt Augustin Niederpleis und M\u00fclldorf Inhalte im Ganzen oder auch nur in Teilen auf die eigene Homepage zu \u00fcbernehmen, nachzudrucken, zu vervielf\u00e4ltigen oder auf andere Art und Weise zu verwerten.<\/div>\n<\/li>\n<li>\n<div align=\"left\">Alle innerhalb dieses Internetangebotes genannten Namen, Marken- oder Warenzeichen, die ggf. durch Dritte gesch\u00fctzt sind, unterliegen uneingeschr\u00e4nkt den jeweils g\u00fcltigen Kennzeichnungsbestimmungen und Besitzrechten der jeweiligen Eigent\u00fcmer.<\/div>\n<\/li>\n<li>\n<div align=\"left\">Die dargestellten Informationen und Inhalte wurden sorgf\u00e4ltig recherchiert und aufbereitet. Die Evangelische Kirchengemeinde Sankt Augustin Niederpleis und M\u00fclldorf \u00fcbernimmt jedoch keine Garantie f\u00fcr die Korrektheit oder Vollst\u00e4ndigkeit der Informationen und ist nicht verantwortlich f\u00fcr den Inhalt externer Links. Ferner haftet die Evangelische Kirchengemeinde Sankt Augustin Niederpleis und M\u00fclldorf nicht f\u00fcr Inhalte und Links, die in G\u00e4steb\u00fcchern, Foren oder Mailinglisten angegeben werden.<\/div>\n<\/li>\n<li>\n<div align=\"left\">Die Evangelische Kirchengemeinde Sankt Augustin Niederpleis und M\u00fclldorf beh\u00e4lt sich zudem vor, ihr Angebot ohne Ank\u00fcndigung zu \u00e4ndern, einzuschr\u00e4nken oder einzustellen.<\/div>\n<\/li>\n<li>\n<div align=\"left\">Die Evangelische Kirchengemeinde Sankt Augustin Niederpleis und M\u00fclldorf \u00fcbernimmt keinerlei Haftung f\u00fcr Sch\u00e4den, die direkt oder indirekt mit der Nutzung, dem Missbrauch oder der Funktionalit\u00e4t dieser Website oder der darin angebotenen Informationsinhalte in Zusammenhang stehen.<\/div>\n<\/li>\n<\/ul>\n<p align=\"left\">Anfragen zu den Inhalten der Webseite www.ev-fmz-menschenkinder.de richten Sie bitte an die E-Mail-Adresse:<br \/>\n<a href=\"mailto:bernd.giernoth@ekir.de\" target=\"_blank\" rel=\"noopener noreferrer\">E-Mail an Webmaster<\/a><\/p>\n<p align=\"left\">Wir verwenden das Content-Management-System (CMS) WordPress. WordPress ist Open Source und l\u00e4uft unter GPL.<\/p>\n","protected":false},"excerpt":{"rendered":"<p>Evangelisches Familienzentrum Menschenkinder Schulstrasse 57a 53757 Sankt Augustin Tel.: 02241\/333939 ev.fmz-menschenkinder@ekir.de Eine Einrichtung des Evangelischen Kirchenkreis an Sieg und Rhein Kitareferat Fachbereichsleitung S. Kola (E-Mail) Zeughausstra\u00dfe 7-9, 53721 Siegburg Gemeindeb\u00fcro der ev. Kirchengemeinde Sankt Augustin Niederpleis und M\u00fclldorf: Telefon: (02241) 33 44 30 Fax: (02241) 34 26 04 E-Mail Verantwortliche F\u00fcr den Inhalt: Sabine Schwabe [&hellip;]<\/p>\n","protected":false},"author":20,"featured_media":0,"parent":0,"menu_order":10,"comment_status":"closed","ping_status":"closed","template":"","meta":{"footnotes":""},"class_list":["post-18","page","type-page","status-publish","hentry"],"_links":{"self":[{"href":"https:\/\/www.ev-fmz-menschenkinder.de\/index.php?rest_route=\/wp\/v2\/pages\/18","targetHints":{"allow":["GET"]}}],"collection":[{"href":"https:\/\/www.ev-fmz-menschenkinder.de\/index.php?rest_route=\/wp\/v2\/pages"}],"about":[{"href":"https:\/\/www.ev-fmz-menschenkinder.de\/index.php?rest_route=\/wp\/v2\/types\/page"}],"author":[{"embeddable":true,"href":"https:\/\/www.ev-fmz-menschenkinder.de\/index.php?rest_route=\/wp\/v2\/users\/20"}],"replies":[{"embeddable":true,"href":"https:\/\/www.ev-fmz-menschenkinder.de\/index.php?rest_route=%2Fwp%2Fv2%2Fcomments&post=18"}],"version-history":[{"count":15,"href":"https:\/\/www.ev-fmz-menschenkinder.de\/index.php?rest_route=\/wp\/v2\/pages\/18\/revisions"}],"predecessor-version":[{"id":3601,"href":"https:\/\/www.ev-fmz-menschenkinder.de\/index.php?rest_route=\/wp\/v2\/pages\/18\/revisions\/3601"}],"wp:attachment":[{"href":"https:\/\/www.ev-fmz-menschenkinder.de\/index.php?rest_route=%2Fwp%2Fv2%2Fmedia&parent=18"}],"curies":[{"name":"wp","href":"https:\/\/api.w.org\/{rel}","templated":true}]}}