{"id":172,"date":"2012-01-05T11:06:36","date_gmt":"2012-01-05T10:06:36","guid":{"rendered":"http:\/\/www.ev-fmz-menschenkinder.de\/?page_id=172"},"modified":"2020-07-03T12:15:25","modified_gmt":"2020-07-03T10:15:25","slug":"familienberatungsstelle","status":"publish","type":"page","link":"https:\/\/www.ev-fmz-menschenkinder.de\/?page_id=172","title":{"rendered":"Familien-Beratungsstelle"},"content":{"rendered":"<p style=\"text-align: left;\" align=\"center\"><strong>Offene Sprechstunde <\/strong><strong>der Erziehungs- und Familienberatungsstelle<\/strong><\/p>\n<p style=\"text-align: left;\" align=\"center\"><strong>der Stadt Sankt Augustin<\/strong><\/p>\n<p><strong>\u00a0<\/strong><\/p>\n<p><strong><a href=\"https:\/\/www.ev-fmz-menschenkinder.de\/?attachment_id=3568\" rel=\"attachment wp-att-3568\"><img loading=\"lazy\" decoding=\"async\" class=\"alignleft size-medium wp-image-3568\" src=\"https:\/\/www.ev-fmz-menschenkinder.de\/wp-content\/uploads\/2020\/07\/Fr.Krause-203x300.jpg\" alt=\"\" width=\"203\" height=\"300\" srcset=\"https:\/\/www.ev-fmz-menschenkinder.de\/wp-content\/uploads\/2020\/07\/Fr.Krause-203x300.jpg 203w, https:\/\/www.ev-fmz-menschenkinder.de\/wp-content\/uploads\/2020\/07\/Fr.Krause.jpg 381w\" sizes=\"auto, (max-width: 203px) 100vw, 203px\" \/><\/a>\u00a0<\/strong><\/p>\n<p>&nbsp;<\/p>\n<p>&nbsp;<\/p>\n<p>&nbsp;<\/p>\n<p>&nbsp;<\/p>\n<p>&nbsp;<\/p>\n<p>&nbsp;<\/p>\n<p>&nbsp;<\/p>\n<p>&nbsp;<\/p>\n<p>&nbsp;<\/p>\n<p><strong>\u00a0Mein Name ist Iris Krause<\/strong><\/p>\n<p><strong>\u00a0<\/strong>Ich bin Mitarbeiterin der Beratungsstelle f\u00fcr Kinder, Jugendliche und Eltern der Stadt Sankt Augustin.<\/p>\n<p>Hier im evangelischen Familienzentrum Menschenkinder<\/p>\n<p>biete ich regelm\u00e4\u00dfig eine offene Sprechstunde an.<\/p>\n<p>Sie k\u00f6nnen sich mit all Ihren Fragen zum Thema \u201eErziehung\/kindliche Entwicklung\u201c an mich wenden,<\/p>\n<p>selbst wenn es dabei um \u00e4ltere Kinder und Jugendliche geht.<\/p>\n<p>Auch bei Fragen bez\u00fcglich der Partnerschaft oder nach<\/p>\n<p>Trennung oder Scheidung d\u00fcrfen Sie mich gerne ansprechen.<\/p>\n<p>Das Angebot ist\u00a0 f\u00fcr alle Eltern aus Sankt Augustin gedacht.<\/p>\n<p>Auch wenn Ihre Kinder nicht die KiTa\u00a0 besuchen und auch wenn Sie in einem anderen Stadtteil wohnen.<\/p>\n<p>Die Beratung ist\u00a0 f\u00fcr Sie kostenfrei, freiwillig und ich unterliege der Schweigepflicht.<\/p>\n<p>&nbsp;<\/p>\n<p><strong> Zu folgenden Zeiten bin ich f\u00fcr Sie da:<\/strong><\/p>\n<p><strong>In der Regel an jedem 1. Donnerstag im Monat\u00a0\u00a0jeweils von 8.00 bis 9.30 Uhr\u00a0<\/strong><\/p>\n<p>Durch Feiertage oder Ferienzeiten kann sich der Donnerstag auch mal verschieben oder durch eine Vertretung stattfinden.<\/p>\n<p><strong>Sie k\u00f6nnen aber auch eine Zeit mit der Leitung oder den ErzieherInnen absprechen.<\/strong><\/p>\n<p>_________________________________________________________________________________________________________<\/p>\n<p>Unsere gesamte Arbeit basiert auf einem systemischen, familientherapeutischen Hintergrund und wird durch weitere psychotherapeutische Verfahren erg\u00e4nzt.<\/p>\n<p>Wir betrachten das Verhalten von Kindern und Jugendlichen in der Regel als m\u00f6gliche Antwort auf individuelle und famili\u00e4re Bedingungen und Beziehungen.<\/p>\n<p>Manchmal ist es sogar notwendig, die Blickrichtung auf Arbeits-, Wohnwelt und beteiligte p\u00e4dagogische Einrichtungen hin auszudehnen.<\/p>\n<p>Die gemeinsame\u00a0Betrachtung pers\u00f6nlicher und famili\u00e4rer Muster kann Beziehungen ver\u00e4ndern und Verhaltensver\u00e4nderungen bewirken.<\/p>\n<p>Wir unterst\u00fctzen die Ratsuchenden\u00a0bei der Entwicklung von L\u00f6sungsm\u00f6glichkeiten.<\/p>\n<p>Hier geht es besonders darum, die eigenen Ressourcen und Handlungskompetenzen wieder zu entdecken und zu f\u00f6rdern und das Selbstvertrauen zu st\u00e4rken.<\/p>\n<p>Wir bieten in unseren R\u00e4umen einen gesch\u00fctzten Rahmen, in dem neue Beziehungserfahrungen sowie das Ausprobieren neuer Kommunikations- und Verhaltensweisen eine Weiterentwicklung erm\u00f6glichen.<\/p>\n<p>Die Fachkr\u00e4fte unserer Beratungsstelle:<\/p>\n<p><strong>Wolfgang Mersch,<\/strong>\u00a0Leiter der Beratungsstelle,\u00a0<a href=\"mailto:Wolfgang.Mersch@sankt-augustin.de\">Wolfgang.Mersch@sankt-augustin.de<\/a><\/p>\n<p><strong>Martina Fey,\u00a0<\/strong><a href=\"mailto:Martina.Fey@sankt-augustin.de\">Martina.Fey@sankt-augustin.de<\/a><\/p>\n<p><strong>Iris Krause,\u00a0<\/strong><a href=\"mailto:Iris.Krause@sankt-augustin.de\">Iris.Krause@sankt-augustin.de<\/a><\/p>\n<p><strong>Iris Nowak,\u00a0<\/strong><a href=\"mailto:Iris.Nowak@sankt-Augustin.de\">Iris.Nowak@sankt-augustin.de<\/a><\/p>\n<p><strong>Gerd Reiners,\u00a0<\/strong><a href=\"mailto:Gerd.Reiners@sankt-Augustin.de\">Gerd.Reiners@sankt-Augustin.de<\/a><\/p>\n<p><strong>Stephanie Wernze,\u00a0<\/strong><a href=\"mailto:Stephanie.Wernze@sankt-augustin.de\">Stephanie.Wernze@sankt-augustin.de<\/a><\/p>\n<p><strong>Kai Br\u00fcggemann,\u00a0<\/strong><a href=\"mailto:Kai.Brueggemann@sankt-augustin.de\">Kai.Brueggemann@sankt-augustin.de<\/a><\/p>\n<p><strong>Sandra\u00a0Janta,\u00a0<\/strong>Teamassistenz,\u00a0<a href=\"mailto:familienberatung@sankt-augustin.de\">familienberatung@sankt-augustin.de<\/a><\/p>\n<p><strong>Tanja Janzen,\u00a0<\/strong>Teamassistenz,\u00a0<a href=\"mailto:familienberatung@sankt-augustin.de\">familienberatung@sankt-augustin.de<\/a><\/p>\n","protected":false},"excerpt":{"rendered":"<p>Offene Sprechstunde der Erziehungs- und Familienberatungsstelle der Stadt Sankt Augustin \u00a0 \u00a0 &nbsp; &nbsp; &nbsp; &nbsp; &nbsp; &nbsp; &nbsp; &nbsp; &nbsp; \u00a0Mein Name ist Iris Krause \u00a0Ich bin Mitarbeiterin der Beratungsstelle f\u00fcr Kinder, Jugendliche und Eltern der Stadt Sankt Augustin. Hier im evangelischen Familienzentrum Menschenkinder biete ich regelm\u00e4\u00dfig eine offene Sprechstunde an. Sie k\u00f6nnen sich [&hellip;]<\/p>\n","protected":false},"author":20,"featured_media":0,"parent":57,"menu_order":7,"comment_status":"closed","ping_status":"closed","template":"","meta":{"footnotes":""},"class_list":["post-172","page","type-page","status-publish","hentry"],"_links":{"self":[{"href":"https:\/\/www.ev-fmz-menschenkinder.de\/index.php?rest_route=\/wp\/v2\/pages\/172","targetHints":{"allow":["GET"]}}],"collection":[{"href":"https:\/\/www.ev-fmz-menschenkinder.de\/index.php?rest_route=\/wp\/v2\/pages"}],"about":[{"href":"https:\/\/www.ev-fmz-menschenkinder.de\/index.php?rest_route=\/wp\/v2\/types\/page"}],"author":[{"embeddable":true,"href":"https:\/\/www.ev-fmz-menschenkinder.de\/index.php?rest_route=\/wp\/v2\/users\/20"}],"replies":[{"embeddable":true,"href":"https:\/\/www.ev-fmz-menschenkinder.de\/index.php?rest_route=%2Fwp%2Fv2%2Fcomments&post=172"}],"version-history":[{"count":16,"href":"https:\/\/www.ev-fmz-menschenkinder.de\/index.php?rest_route=\/wp\/v2\/pages\/172\/revisions"}],"predecessor-version":[{"id":3569,"href":"https:\/\/www.ev-fmz-menschenkinder.de\/index.php?rest_route=\/wp\/v2\/pages\/172\/revisions\/3569"}],"up":[{"embeddable":true,"href":"https:\/\/www.ev-fmz-menschenkinder.de\/index.php?rest_route=\/wp\/v2\/pages\/57"}],"wp:attachment":[{"href":"https:\/\/www.ev-fmz-menschenkinder.de\/index.php?rest_route=%2Fwp%2Fv2%2Fmedia&parent=172"}],"curies":[{"name":"wp","href":"https:\/\/api.w.org\/{rel}","templated":true}]}}